{"id":296,"date":"2018-09-24T10:39:58","date_gmt":"2018-09-24T08:39:58","guid":{"rendered":"http:\/\/www.privaciz.com\/?page_id=296"},"modified":"2021-03-26T18:18:51","modified_gmt":"2021-03-26T17:18:51","slug":"privaciz-dpo","status":"publish","type":"page","link":"https:\/\/www.privaciz.com\/en\/privaciz-dpo\/","title":{"rendered":"Privaciz DPO"},"content":{"rendered":"<div id=\"pl-296\"  class=\"panel-layout\" ><div id=\"pg-296-0\"  class=\"panel-grid panel-has-style\" ><div class=\"page-header page-header-gelule siteorigin-panels-stretch panel-row-style panel-row-style-for-296-0\" style=\"background-image: url(https:\/\/www.privaciz.com\/wp-content\/uploads\/2020\/09\/photo_1280_177093260.jpg);padding: 50px 0; \" data-stretch-type=\"full-stretched\" data-hasbg=\"hasbg\" data-overlay-color=\"#000000\" ><div id=\"pgc-296-0-0\"  class=\"panel-grid-cell panel-grid-cell-mobile-last\" ><div id=\"panel-296-0-0-0\" class=\"so-panel widget widget_sow-headline panel-first-child panel-last-child\" data-index=\"0\" ><div class=\"softeam-title panel-widget-style panel-widget-style-for-296-0-0-0\" style=\"text-align: left;\" data-title-color=\"#443f3f\" ><div class=\"so-widget-sow-headline so-widget-sow-headline-default-43d2f8ed16fd\"><div class=\"sow-headline-container \">\n\t<h1 class='sow-headline'>Privaciz DPO<\/h1><\/div><\/div><\/div><\/div><\/div><div id=\"pgc-296-0-1\"  class=\"panel-grid-cell panel-grid-cell-empty\" ><\/div><\/div><\/div><div id=\"pg-296-1\"  class=\"panel-grid panel-has-style\" ><div class=\"siteorigin-panels-stretch panel-row-style panel-row-style-for-296-1\" style=\"padding: 50px 0; \" data-stretch-type=\"full\" data-overlay-color=\"#000000\" ><div id=\"pgc-296-1-0\"  class=\"panel-grid-cell\" ><div id=\"panel-296-1-0-0\" class=\"so-panel widget widget_sow-editor panel-first-child\" data-index=\"1\" ><div style=\"text-align: center;\" data-title-color=\"#443f3f\" data-headings-color=\"#443f3f\" class=\"panel-widget-style panel-widget-style-for-296-1-0-0\" ><div class=\"so-widget-sow-editor so-widget-sow-editor-base\">\n<div class=\"siteorigin-widget-tinymce textwidget\">\n\t<p style=\"font-size: 1.1em; font-family: Montserrat, Arial, sans-serif;\">Privaciz DPO is a <strong>collaborative web tool<\/strong> for the <strong>production of the <span class=\"tooltips \" style=\"\" title=\"General Data Protection Regulation: European Union Regulation No 2016\/679 as the reference text on the protection of personal data. It strengthens and unifies data protection for individuals within the European Union.\">GDPR compliance file<\/span>.<\/strong> This is mandatory for any company and any government handling personal data of European citizens.<\/p>\n<\/div>\n<\/div><\/div><\/div><div id=\"panel-296-1-0-1\" class=\"so-panel widget widget_media_image panel-last-child\" data-index=\"2\" ><div style=\"text-align: center;\" data-title-color=\"#443f3f\" data-headings-color=\"#443f3f\" class=\"panel-widget-style panel-widget-style-for-296-1-0-1\" ><img width=\"541\" height=\"300\" src=\"https:\/\/www.privaciz.com\/wp-content\/uploads\/2020\/10\/privaciz-dpo-full.png\" class=\"image wp-image-1835  attachment-full size-full\" alt=\"Privaciz DPO\" loading=\"lazy\" style=\"max-width: 100%; height: auto;\" srcset=\"https:\/\/www.privaciz.com\/wp-content\/uploads\/2020\/10\/privaciz-dpo-full.png 541w, https:\/\/www.privaciz.com\/wp-content\/uploads\/2020\/10\/privaciz-dpo-full-300x166.png 300w, https:\/\/www.privaciz.com\/wp-content\/uploads\/2020\/10\/privaciz-dpo-full-230x128.png 230w, https:\/\/www.privaciz.com\/wp-content\/uploads\/2020\/10\/privaciz-dpo-full-350x194.png 350w, https:\/\/www.privaciz.com\/wp-content\/uploads\/2020\/10\/privaciz-dpo-full-480x266.png 480w\" sizes=\"(max-width: 541px) 100vw, 541px\" \/><\/div><\/div><\/div><\/div><\/div><div id=\"pg-296-2\"  class=\"panel-grid panel-has-style\" ><div style=\"padding: 50px 0; \" data-overlay=\"true\" data-overlay-color=\"#000000\" class=\"panel-row-style panel-row-style-for-296-2\" ><div id=\"pgc-296-2-0\"  class=\"panel-grid-cell\" ><div id=\"panel-296-2-0-0\" class=\"so-panel widget widget_sow-editor panel-first-child panel-last-child\" data-index=\"3\" ><div style=\"text-align: left;\" data-title-color=\"#443f3f\" data-headings-color=\"#443f3f\" class=\"panel-widget-style panel-widget-style-for-296-2-0-0\" ><div class=\"so-widget-sow-editor so-widget-sow-editor-base\">\n<div class=\"siteorigin-widget-tinymce textwidget\">\n\t<p>Privaciz DPO is intended for:<\/p>\n<ul>\n<li><span class=\"tooltips \" style=\"\" title=\"Data Protection Officer\">DPO<\/span><\/li>\n<li>C-levels: CEO, President, Chief Operating Officer, COO, Chief Service Officer, Subsidiary Manager, Business Unit Manager....<\/li>\n<li>Data Controllers: VP Sales, CFO, CMO, CHRO, Communication Director, Logistics Director, CIO, CTO, Subsidiary Director, Business Unit Director....<\/li>\n<li>CDO, CSO, System Administrator, CCO<\/li>\n<li>Data Processors\u00a0: Subcontractors<\/li>\n<li>Supervisory authority (\u00d6sterreichische Datenschutzbeh\u00f6rde (Autria), Commission for Personal Data Protection (Bulgaria), Croatian Personal Data Protection Agency (Croatia),\u00a0Commissioner for Personal Data Protection (Cyprus),\u00a0The Office for Personal Data Protection (Czech Republic), Datatilsynet (Denmark), Andmekaitse Inspektsioon (Estonia), Office of the Data Protection Ombudsman (Finland), Die Bundesbeauftragte f\u00fcr den Datenschutz und die Informationsfreiheit (Germany), Hellenic Data Protection Authority (Greece), Data Protection Commissioner of Hungary (Hungary), Data Protection Commissioner (Ireland), Garante per la protezione dei dati personali (Italy), Data State Inspectorate (Latvia), State Data Protection (Lithuania), Office of the Data Protection Commissioner (Malta), Autoriteit Persoonsgegevens (Netherlands), The Bureau of the Inspector General for the Protection of Personal Data \u2013 GIODO (Poland), Comiss\u00e3o Nacional de Protec\u00e7\u00e3o de Dados \u2013 CNPD (Portugal), The National Supervisory Authority for Personal Data Processing (Romania), Office for Personal Data Protection of the Slovak Republic (Slovakia), Information Commissioner (Slovenia), Agencia de Protecci\u00f3n de Datos Datainspektionen (Sweden), The Information Commissioner\u2019s Office (United Kingdom), European Data Protection Supervisor (EU))<\/li>\n<\/ul>\n<p>Privaciz DPO offers a real dashboard to monitor its compliance with the RGPD.<\/p>\n<p>Privaciz DPO supports all processes of development and validation of the GDPR compliance documentation (workflows).<\/p>\n<p>Privaciz DPO provides Excel generation of the complete GDPR compliance documentation:<\/p>\n<ul>\n<li>Record of processing operations including action plans and their follow-up<\/li>\n<li>Data breach record<\/li>\n<li>IT Security Plan<\/li>\n<li>Record of requests<\/li>\n<\/ul>\n<p>Privaciz DPO takes into account the lifecycle of processes, data and regulations.<\/p>\n<p>Privaciz DPO includes legal monitoring.<\/p>\n<p>Privaciz DPO is hosted in France (European Union).<\/p>\n<p class=\"youtube-container\" style=\"text-align: center;\"><iframe title=\"Privaciz DPO\" width=\"1170\" height=\"878\" src=\"https:\/\/www.youtube.com\/embed\/dV7Hwk72YiE?feature=oembed&enablejsapi=1&origin=https:\/\/www.privaciz.com\" frameborder=\"0\" allow=\"accelerometer; autoplay; clipboard-write; encrypted-media; gyroscope; picture-in-picture\" allowfullscreen><\/iframe><\/p>\n<\/div>\n<\/div><\/div><\/div><\/div><\/div><\/div><div id=\"pg-296-3\"  class=\"panel-grid panel-has-style\" ><div class=\"siteorigin-panels-stretch panel-row-style panel-row-style-for-296-3\" style=\"padding: 0px 0; \" data-stretch-type=\"full-stretched\" data-overlay=\"true\" data-overlay-color=\"#000000\" ><div id=\"pgc-296-3-0\"  class=\"panel-grid-cell\" ><div id=\"panel-296-3-0-0\" class=\"so-panel widget widget_sow-editor panel-first-child panel-last-child\" data-index=\"4\" ><div style=\"text-align: left;\" data-title-color=\"#443f3f\" data-headings-color=\"#443f3f\" class=\"panel-widget-style panel-widget-style-for-296-3-0-0\" ><div class=\"so-widget-sow-editor so-widget-sow-editor-base\">\n<div class=\"siteorigin-widget-tinymce textwidget\">\n\t<div class=\"container\">\n<div class=\"row\" style=\"padding: 30px 0;\">\n<div class=\"col-xs-12\">\n<div class=\"item-buttons\" style=\"text-align: center;\"><a class=\"btn btn-primary\" href=\"https:\/\/www.privaciz.com\/en\/subscription\/\" rel=\"noopener\">Subscribe<\/a><a class=\"btn btn-primary\" href=\"https:\/\/attendee.gotowebinar.com\/rt\/2080893220826125825\" target=\"_blank\" rel=\"noopener noreferrer\">Request a demo<\/a><a class=\"btn btn-primary\" href=\"https:\/\/www.privaciz.com\/en\/contact\/\" rel=\"noopener\">Contact us<\/a><\/div>\n<\/div>\n<\/div>\n<\/div>\n<section id=\"products\">\n<div class=\"container\">\n<h2>In addition<\/h2>\n<div class=\"row\">\n<div class=\"col-sm-6\">\n<div class=\"item\">\n<h3>Privaciz Request<\/h3>\n<h4><span class=\"tlid-translation translation\"><span class=\"\" title=\"\">User requests management<br \/>\n<\/span><\/span><\/h4>\n<div class=\"item-image\"><img loading=\"lazy\" class=\"aligncenter wp-image-667 size-full\" src=\"https:\/\/www.privaciz.com\/wp-content\/uploads\/2018\/12\/screen-consent.jpg\" alt=\"privaciz request\" width=\"676\" height=\"495\" srcset=\"https:\/\/www.privaciz.com\/wp-content\/uploads\/2018\/12\/screen-consent.jpg 676w, https:\/\/www.privaciz.com\/wp-content\/uploads\/2018\/12\/screen-consent-300x220.jpg 300w, https:\/\/www.privaciz.com\/wp-content\/uploads\/2018\/12\/screen-consent-230x168.jpg 230w, https:\/\/www.privaciz.com\/wp-content\/uploads\/2018\/12\/screen-consent-350x256.jpg 350w, https:\/\/www.privaciz.com\/wp-content\/uploads\/2018\/12\/screen-consent-480x351.jpg 480w\" sizes=\"(max-width: 676px) 100vw, 676px\" \/><\/div>\n<div class=\"item-description\">\n<p>Privaciz Request provides a centralized management of the exercise of the rights of Customers, Employees and Citizens.<\/p>\n<\/div>\n<div class=\"item-buttons\"><a class=\"btn btn-primary\" href=\"https:\/\/www.privaciz.com\/en\/privaciz-request\/\" rel=\"noopener\">More details<\/a><\/div>\n<\/div>\n<\/div>\n<div class=\"col-sm-6\">\n<div class=\"item\">\n<h3>Privaciz Model<\/h3>\n<h4>Privacy by design<\/h4>\n<div class=\"item-image\"><img loading=\"lazy\" class=\"aligncenter wp-image-671 size-full\" src=\"https:\/\/www.privaciz.com\/wp-content\/uploads\/2018\/12\/screen-model.jpg\" alt=\"privaciz model\" width=\"676\" height=\"495\" srcset=\"https:\/\/www.privaciz.com\/wp-content\/uploads\/2018\/12\/screen-model.jpg 676w, https:\/\/www.privaciz.com\/wp-content\/uploads\/2018\/12\/screen-model-300x220.jpg 300w, https:\/\/www.privaciz.com\/wp-content\/uploads\/2018\/12\/screen-model-230x168.jpg 230w, https:\/\/www.privaciz.com\/wp-content\/uploads\/2018\/12\/screen-model-350x256.jpg 350w, https:\/\/www.privaciz.com\/wp-content\/uploads\/2018\/12\/screen-model-480x351.jpg 480w\" sizes=\"(max-width: 676px) 100vw, 676px\" \/><\/div>\n<div class=\"item-description\">\n<p>Privaciz Model offers support for RGPD modeling, allowing the representation of sensitive data, relevant stakeholders, affected IS parts, subcontractors and associated contracts, etc.<\/p>\n<\/div>\n<div class=\"item-buttons\"><a class=\"btn btn-primary\" href=\"https:\/\/www.privaciz.com\/en\/privaciz-model\/\" rel=\"noopener\">More details<\/a><\/div>\n<\/div>\n<\/div>\n<\/div>\n<\/div>\n<\/section>\n<\/div>\n<\/div><\/div><\/div><\/div><\/div><\/div><\/div>","protected":false},"excerpt":{"rendered":"<p>Privaciz DPO is a collaborative web tool for the production of the . This is mandatory for any company and any government handling personal data of European citizens.<\/p>\n","protected":false},"author":1,"featured_media":0,"parent":0,"menu_order":0,"comment_status":"closed","ping_status":"closed","template":"page-templates\/page_fullwidth.php","meta":[],"yoast_head":"<!-- This site is optimized with the Yoast SEO plugin v15.9 - https:\/\/yoast.com\/wordpress\/plugins\/seo\/ -->\n<title>Privaciz DPO - a web tool for the production of the RGPD compliance file<\/title>\n<meta name=\"description\" content=\"The collaborative web tool Privaciz DPO allows the delegate to the protection of personal data to develop a GDPR compliance file.\" \/>\n<meta name=\"robots\" content=\"index, follow, max-snippet:-1, max-image-preview:large, max-video-preview:-1\" \/>\n<link rel=\"canonical\" href=\"https:\/\/www.privaciz.com\/en\/privaciz-dpo\/\" \/>\n<meta property=\"og:locale\" content=\"en_US\" \/>\n<meta property=\"og:type\" content=\"article\" \/>\n<meta property=\"og:title\" content=\"Privaciz DPO - a web tool for the production of the RGPD compliance file\" \/>\n<meta property=\"og:description\" content=\"The collaborative web tool Privaciz DPO allows the delegate to the protection of personal data to develop a GDPR compliance file.\" \/>\n<meta property=\"og:url\" content=\"https:\/\/www.privaciz.com\/en\/privaciz-dpo\/\" \/>\n<meta property=\"og:site_name\" content=\"Privaciz\" \/>\n<meta property=\"article:modified_time\" content=\"2021-03-26T17:18:51+00:00\" \/>\n<meta property=\"og:image\" content=\"https:\/\/www.privaciz.com\/wp-content\/uploads\/2018\/12\/screen-consent.jpg\" \/>\n<meta name=\"twitter:card\" content=\"summary_large_image\" \/>\n<meta name=\"twitter:label1\" content=\"Est. reading time\">\n\t<meta name=\"twitter:data1\" content=\"3 minutes\">\n<script type=\"application\/ld+json\" class=\"yoast-schema-graph\">{\"@context\":\"https:\/\/schema.org\",\"@graph\":[{\"@type\":\"WebSite\",\"@id\":\"https:\/\/www.privaciz.com\/#website\",\"url\":\"https:\/\/www.privaciz.com\/\",\"name\":\"Privaciz\",\"description\":\"Maitrisez votre conformit\\u00e9 RGPD\",\"potentialAction\":[{\"@type\":\"SearchAction\",\"target\":\"https:\/\/www.privaciz.com\/?s={search_term_string}\",\"query-input\":\"required name=search_term_string\"}],\"inLanguage\":\"en-US\"},{\"@type\":\"ImageObject\",\"@id\":\"https:\/\/www.privaciz.com\/en\/privaciz-dpo\/#primaryimage\",\"inLanguage\":\"en-US\",\"url\":\"https:\/\/www.privaciz.com\/wp-content\/uploads\/2018\/12\/screen-consent.jpg\",\"width\":676,\"height\":495,\"caption\":\"privaciz consent\"},{\"@type\":\"WebPage\",\"@id\":\"https:\/\/www.privaciz.com\/en\/privaciz-dpo\/#webpage\",\"url\":\"https:\/\/www.privaciz.com\/en\/privaciz-dpo\/\",\"name\":\"Privaciz DPO - a web tool for the production of the RGPD compliance file\",\"isPartOf\":{\"@id\":\"https:\/\/www.privaciz.com\/#website\"},\"primaryImageOfPage\":{\"@id\":\"https:\/\/www.privaciz.com\/en\/privaciz-dpo\/#primaryimage\"},\"datePublished\":\"2018-09-24T08:39:58+00:00\",\"dateModified\":\"2021-03-26T17:18:51+00:00\",\"description\":\"The collaborative web tool Privaciz DPO allows the delegate to the protection of personal data to develop a GDPR compliance file.\",\"breadcrumb\":{\"@id\":\"https:\/\/www.privaciz.com\/en\/privaciz-dpo\/#breadcrumb\"},\"inLanguage\":\"en-US\",\"potentialAction\":[{\"@type\":\"ReadAction\",\"target\":[\"https:\/\/www.privaciz.com\/en\/privaciz-dpo\/\"]}]},{\"@type\":\"BreadcrumbList\",\"@id\":\"https:\/\/www.privaciz.com\/en\/privaciz-dpo\/#breadcrumb\",\"itemListElement\":[{\"@type\":\"ListItem\",\"position\":1,\"item\":{\"@type\":\"WebPage\",\"@id\":\"https:\/\/www.privaciz.com\/en\/\",\"url\":\"https:\/\/www.privaciz.com\/en\/\",\"name\":\"Accueil\"}},{\"@type\":\"ListItem\",\"position\":2,\"item\":{\"@type\":\"WebPage\",\"@id\":\"https:\/\/www.privaciz.com\/en\/privaciz-dpo\/\",\"url\":\"https:\/\/www.privaciz.com\/en\/privaciz-dpo\/\",\"name\":\"Privaciz DPO\"}}]}]}<\/script>\n<!-- \/ Yoast SEO plugin. -->","_links":{"self":[{"href":"https:\/\/www.privaciz.com\/en\/wp-json\/wp\/v2\/pages\/296"}],"collection":[{"href":"https:\/\/www.privaciz.com\/en\/wp-json\/wp\/v2\/pages"}],"about":[{"href":"https:\/\/www.privaciz.com\/en\/wp-json\/wp\/v2\/types\/page"}],"author":[{"embeddable":true,"href":"https:\/\/www.privaciz.com\/en\/wp-json\/wp\/v2\/users\/1"}],"replies":[{"embeddable":true,"href":"https:\/\/www.privaciz.com\/en\/wp-json\/wp\/v2\/comments?post=296"}],"version-history":[{"count":69,"href":"https:\/\/www.privaciz.com\/en\/wp-json\/wp\/v2\/pages\/296\/revisions"}],"predecessor-version":[{"id":2006,"href":"https:\/\/www.privaciz.com\/en\/wp-json\/wp\/v2\/pages\/296\/revisions\/2006"}],"wp:attachment":[{"href":"https:\/\/www.privaciz.com\/en\/wp-json\/wp\/v2\/media?parent=296"}],"curies":[{"name":"wp","href":"https:\/\/api.w.org\/{rel}","templated":true}]}}